{"id":4184,"date":"2025-10-27T21:18:49","date_gmt":"2025-10-27T21:18:49","guid":{"rendered":"https:\/\/metazoa.nl\/?page_id=4184"},"modified":"2025-11-25T19:09:41","modified_gmt":"2025-11-25T19:09:41","slug":"avant-et-apres","status":"publish","type":"page","link":"https:\/\/metazoa.nl\/fr\/avant-et-apres\/","title":{"rendered":"Avant et apr\u00e8s"},"content":{"rendered":"<div class=\"wpb-content-wrapper\"><p>[vc_row el_class=&#8221;global headersection headerimage&#8221; css=&#8221;.vc_custom_1761600035591{background-image: url(https:\/\/metazoa.nl\/wp-content\/uploads\/2025\/10\/unnamed-1.jpg?id=4192) !important;background-position: center !important;background-repeat: no-repeat !important;background-size: cover !important;}&#8221;][vc_column el_class=&#8221;outer-col-1&#8243;][vc_empty_space height=&#8221;280px&#8221; el_class=&#8221;deskonly&#8221;][vc_row_inner el_class=&#8221;row-0 home&#8221;][vc_column_inner width=&#8221;1\/12&#8243;][\/vc_column_inner][vc_column_inner el_class=&#8221;centered&#8221; width=&#8221;10\/12&#8243;][vc_empty_space height=&#8221;50px&#8221;][vc_column_text css=&#8221;&#8221;]<\/p>\n<h1 style=\"text-align: center; text-transform: none !important;\">AVANT &amp; APR\u00c8S :<br data-start=\"1466\" data-end=\"1469\" \/>LA PUISSANCE D\u2019UNE ALIMENTATION NATURELLE<\/h1>\n<p>[\/vc_column_text][vc_empty_space height=&#8221;50px&#8221;][vc_btn title=&#8221;FAITES LE TESTE NUTRITIONNEL&#8221; css=&#8221;&#8221; link=&#8221;url:https%3A%2F%2Fmetazoa.scoreapp.com%2F|title:Contact|target:_blank&#8221; el_class=&#8221;buttonheader&#8221;][\/vc_column_inner][vc_column_inner width=&#8221;1\/12&#8243;][\/vc_column_inner][\/vc_row_inner][vc_empty_space height=&#8221;84px&#8221;][\/vc_column][\/vc_row][vc_row el_class=&#8221;global voeden&#8221; css=&#8221;.vc_custom_1761517381829{background-color: #FFFFFF !important;background-position: center !important;background-repeat: no-repeat !important;background-size: cover !important;}&#8221;][vc_column el_class=&#8221;outer-col-1&#8243;][vc_empty_space height=&#8221;40px&#8221;][vc_empty_space height=&#8221;35px&#8221;][vc_row_inner el_class=&#8221;row-0 home grid&#8221;][vc_column_inner el_class=&#8221;col1 width100&#8243;][vc_column_text css_animation=&#8221;slideInRight&#8221; css=&#8221;&#8221;]<\/p>\n<p style=\"text-align: center;\">Une alimentation saine fait vraiment toute la diff\u00e9rence ! On le voit, on le ressent et on le vit.<\/p>\n<p>[\/vc_column_text][vc_empty_space height=&#8221;25px&#8221;][vc_column_text css_animation=&#8221;slideInRight&#8221; css=&#8221;&#8221;]<\/p>\n<p style=\"text-align: center;\">Notre communaut\u00e9 partage ses r\u00e9sultats avec Metazoa : des chevaux qui ont r\u00e9cup\u00e9r\u00e9, repris de l\u2019\u00e9tat ou retrouv\u00e9 leur vitalit\u00e9. D\u00e9couvrez ci-dessous quelques magnifiques transformations avant-apr\u00e8s de chevaux qui ont retrouv\u00e9 leur \u00e9quilibre gr\u00e2ce \u00e0 une alimentation naturelle.<\/p>\n<p>[\/vc_column_text][vc_empty_space height=&#8221;25px&#8221;][\/vc_column_inner][\/vc_row_inner][vc_empty_space height=&#8221;40px&#8221;][vc_empty_space height=&#8221;15px&#8221;][vc_row_inner el_class=&#8221;prodoverview grid&#8221;][vc_column_inner el_class=&#8221;prod1&#8243; width=&#8221;1\/3&#8243;][vc_single_image image=&#8221;4206&#8243; img_size=&#8221;full&#8221; css=&#8221;&#8221;][vc_column_text css=&#8221;&#8221;]<\/p>\n<h3 style=\"text-align: center;\">INEZ, LA TERRE EQUINE<br \/>\n<span class=\"green\">CHEVAL: FLIPPO<\/span><\/h3>\n<p>[\/vc_column_text][\/vc_column_inner][vc_column_inner el_class=&#8221;prod2&#8243; width=&#8221;1\/3&#8243;][vc_single_image image=&#8221;4214&#8243; img_size=&#8221;full&#8221; css=&#8221;&#8221;][vc_column_text css=&#8221;&#8221;]<\/p>\n<h3 style=\"text-align: center;\">PADDOCK PARADISE IN ZEELAND<br \/>\n<span class=\"green\">CHEVAL: GINNY<\/span><\/h3>\n<p>[\/vc_column_text][\/vc_column_inner][vc_column_inner el_class=&#8221;prod3&#8243; width=&#8221;1\/3&#8243;][vc_single_image image=&#8221;4198&#8243; img_size=&#8221;full&#8221; css=&#8221;&#8221;][vc_column_text css=&#8221;&#8221;]<\/p>\n<h3 style=\"text-align: center;\">JULIE CATTOIR<br \/>\n<span class=\"green\">CHEVAL: CELINE<\/span><\/h3>\n<p>[\/vc_column_text][\/vc_column_inner][\/vc_row_inner][vc_row_inner el_class=&#8221;prodoverview grid&#8221;][vc_column_inner el_class=&#8221;prod1&#8243; width=&#8221;1\/3&#8243;][vc_single_image image=&#8221;4202&#8243; img_size=&#8221;full&#8221; css=&#8221;&#8221;][vc_column_text css=&#8221;&#8221;]<\/p>\n<h3 style=\"text-align: center;\">EVA ZOTOS<br \/>\n<span class=\"green\">CHEVAL: CLASSY CHOICE<\/span><\/h3>\n<p>[\/vc_column_text][\/vc_column_inner][vc_column_inner el_class=&#8221;prod2&#8243; width=&#8221;1\/3&#8243;][vc_single_image image=&#8221;4210&#8243; img_size=&#8221;full&#8221; css=&#8221;&#8221;][vc_column_text css=&#8221;&#8221;]<\/p>\n<h3 style=\"text-align: center;\">MURIEL<br \/>\n<span class=\"green\">CHEVAL: ADDIE<\/span><\/h3>\n<p>[\/vc_column_text][\/vc_column_inner][vc_column_inner el_class=&#8221;prod3&#8243; width=&#8221;1\/3&#8243;][vc_single_image image=&#8221;4218&#8243; img_size=&#8221;full&#8221; css=&#8221;&#8221;][vc_column_text css=&#8221;&#8221;]<\/p>\n<h3 style=\"text-align: center;\">TESS SLAEDTS<br \/>\n<span class=\"green\">CHEVAL: SPEEDY<\/span><\/h3>\n<p>[\/vc_column_text][\/vc_column_inner][\/vc_row_inner][vc_empty_space height=&#8221;35px&#8221;][vc_row_inner][vc_column_inner el_class=&#8221;centered&#8221;][vc_btn title=&#8221;DECOUVREZ PLUS&#8221; css=&#8221;&#8221; link=&#8221;url:%23|title:Contact&#8221; el_class=&#8221;buttonheader2&#8243;][vc_empty_space height=&#8221;35px&#8221;][vc_empty_space height=&#8221;35px&#8221;][\/vc_column_inner][\/vc_row_inner][\/vc_column][\/vc_row][vc_row parallax=&#8221;content-moving&#8221; parallax_image=&#8221;1402&#8243; el_class=&#8221;global headersection&#8221; css=&#8221;.vc_custom_1749230398621{background-color: #F6F0EE !important;background-position: center;background-repeat: no-repeat !important;background-size: cover !important;}&#8221;][vc_column el_class=&#8221;outer-col-1&#8243;][vc_empty_space height=&#8221;410px&#8221;][\/vc_column][\/vc_row][vc_row el_class=&#8221;global&#8221; css=&#8221;.vc_custom_1746655544261{background-color: #FFFFFF !important;background-position: center !important;background-repeat: no-repeat !important;background-size: cover !important;}&#8221;][vc_column el_class=&#8221;outer-col-1&#8243;][vc_empty_space height=&#8221;40px&#8221; el_class=&#8221;deskonly&#8221;][vc_empty_space height=&#8221;40px&#8221;][vc_column_text css=&#8221;&#8221; el_class=&#8221;yellow&#8221;]<\/p>\n<h2 style=\"text-align: center;\">METAZOA, CONSTAMMENT \u00c0 VOS C\u00d4T\u00c9S<\/h2>\n<p>[\/vc_column_text][vc_empty_space height=&#8221;40px&#8221;][vc_row_inner el_class=&#8221;row-0 home&#8221;][vc_column_inner el_class=&#8221;col1&#8243; width=&#8221;1\/2&#8243;][vc_raw_html css=&#8221;&#8221;]JTNDJTIxLS0lMjBFbGZzaWdodCUyMFN0b3JlJTIwTG9jYXRvciUyMCU3QyUyME1FVEFaT0ElMjAtLSUzRSUwQSUzQ3NjcmlwdCUyMHNyYyUzRCUyMmh0dHBzJTNBJTJGJTJGZWxmc2lnaHRjZG4uY29tJTJGcGxhdGZvcm0uanMlMjIlMjBhc3luYyUzRSUzQyUyRnNjcmlwdCUzRSUwQSUzQ2RpdiUyMGNsYXNzJTNEJTIyZWxmc2lnaHQtYXBwLTE0MWU5MThhLTU5ZjMtNDg3YS04MjM5LWNjNjljMzZhY2Q3ZSUyMiUyMGRhdGEtZWxmc2lnaHQtYXBwLWxhenklM0UlM0MlMkZkaXYlM0U=[\/vc_raw_html][\/vc_column_inner][vc_column_inner el_class=&#8221;col2&#8243; width=&#8221;1\/2&#8243; css=&#8221;.vc_custom_1746655863985{padding-left: 25px !important;}&#8221;][vc_empty_space height=&#8221;75px&#8221;][vc_column_text css=&#8221;.vc_custom_1764097778824{padding-left: 30px !important;}&#8221; el_class=&#8221;pad contactbit&#8221;]<\/p>\n<p title=\"\">Servez-vous de cette carte pour trouver un point de vente pr\u00e8s de chez vous\u00a0!<\/p>\n<p title=\"\">Vous avez des questions ? Nos sp\u00e9cialistes se feront un plaisir de vous aider !<\/p>\n<p>[\/vc_column_text][vc_empty_space height=&#8221;50px&#8221;][vc_btn title=&#8221;CONTACTEZ-NOUS&#8221; css=&#8221;&#8221; link=&#8221;url:https%3A%2F%2Fmetazoa.nl%2Ffr%2Fcontact%2F|title:Contact&#8221; el_class=&#8221;buttonheader2a&#8221;][vc_btn title=&#8221;DEVENEZ REVENDEUR&#8221; css=&#8221;&#8221; link=&#8221;url:https%3A%2F%2Fmetazoa.nl%2Ffr%2Frevendeur%2F|title:Revendeur&#8221; el_class=&#8221;buttonheader2a&#8221;][vc_empty_space height=&#8221;50px&#8221;][\/vc_column_inner][\/vc_row_inner][vc_empty_space height=&#8221;40px&#8221;][vc_empty_space height=&#8221;40px&#8221;][vc_empty_space height=&#8221;80px&#8221; el_class=&#8221;deskonly&#8221;][\/vc_column][\/vc_row]<\/p>\n<\/div>","protected":false},"excerpt":{"rendered":"<p>[vc_row el_class=&#8221;global headersection headerimage&#8221; css=&#8221;.vc_custom_1761600035591{background-image: url(https:\/\/metazoa.nl\/wp-content\/uploads\/2025\/10\/unnamed-1.jpg?id=4192) !important;background-position: center !important;background-repeat: no-repeat !important;background-size: cover !important;}&#8221;][vc_column el_class=&#8221;outer-col-1&#8243;][vc_empty_space height=&#8221;280px&#8221; el_class=&#8221;deskonly&#8221;][vc_row_inner el_class=&#8221;row-0 home&#8221;][vc_column_inner width=&#8221;1\/12&#8243;][\/vc_column_inner][vc_column_inner el_class=&#8221;centered&#8221; width=&#8221;10\/12&#8243;][vc_empty_space height=&#8221;50px&#8221;][vc_column_text css=&#8221;&#8221;] AVANT &amp; APR\u00c8S :LA PUISSANCE D\u2019UNE ALIMENTATION NATURELLE [\/vc_column_text][vc_empty_space height=&#8221;50px&#8221;][vc_btn title=&#8221;FAITES LE TESTE NUTRITIONNEL&#8221; css=&#8221;&#8221; link=&#8221;url:https%3A%2F%2Fmetazoa.scoreapp.com%2F|title:Contact|target:_blank&#8221; el_class=&#8221;buttonheader&#8221;][\/vc_column_inner][vc_column_inner width=&#8221;1\/12&#8243;][\/vc_column_inner][\/vc_row_inner][vc_empty_space height=&#8221;84px&#8221;][\/vc_column][\/vc_row][vc_row el_class=&#8221;global voeden&#8221; css=&#8221;.vc_custom_1761517381829{background-color: #FFFFFF !important;background-position: center !important;background-repeat: no-repeat !important;background-size: cover !important;}&#8221;][vc_column el_class=&#8221;outer-col-1&#8243;][vc_empty_space height=&#8221;40px&#8221;][vc_empty_space&hellip;&nbsp;<a href=\"https:\/\/metazoa.nl\/fr\/avant-et-apres\/\" class=\"\" rel=\"bookmark\">Read More &raquo;<span class=\"screen-reader-text\">Avant et apr\u00e8s<\/span><\/a><\/p>\n","protected":false},"author":1,"featured_media":4194,"parent":0,"menu_order":0,"comment_status":"closed","ping_status":"closed","template":"","meta":{"_acf_changed":false,"inline_featured_image":false,"neve_meta_sidebar":"","neve_meta_container":"","neve_meta_enable_content_width":"on","neve_meta_content_width":100,"neve_meta_title_alignment":"","neve_meta_author_avatar":"","neve_post_elements_order":"","neve_meta_disable_header":"","neve_meta_disable_footer":"","neve_meta_disable_title":"on","neve_meta_reading_time":"","footnotes":""},"class_list":["post-4184","page","type-page","status-publish","has-post-thumbnail","hentry"],"acf":[],"yoast_head":"<!-- This site is optimized with the Yoast SEO plugin v27.4 - https:\/\/yoast.com\/product\/yoast-seo-wordpress\/ -->\n<title>Avant et apr\u00e8s - Metazoa<\/title>\n<meta name=\"description\" content=\"Onze producten vullen aan wat paarden nodig hebben naast onbeperkt ruwvoer en dragen bij aan hun welzijn en vitaliteit.\" \/>\n<meta name=\"robots\" content=\"index, follow, max-snippet:-1, max-image-preview:large, max-video-preview:-1\" \/>\n<link rel=\"canonical\" href=\"https:\/\/metazoa.nl\/fr\/avant-et-apres\/\" \/>\n<meta property=\"og:locale\" content=\"fr_FR\" \/>\n<meta property=\"og:type\" content=\"article\" \/>\n<meta property=\"og:title\" content=\"Avant et apr\u00e8s - Metazoa\" \/>\n<meta property=\"og:description\" content=\"Onze producten vullen aan wat paarden nodig hebben naast onbeperkt ruwvoer en dragen bij aan hun welzijn en vitaliteit.\" \/>\n<meta property=\"og:url\" content=\"https:\/\/metazoa.nl\/fr\/avant-et-apres\/\" \/>\n<meta property=\"og:site_name\" content=\"Metazoa\" \/>\n<meta property=\"article:modified_time\" content=\"2025-11-25T19:09:41+00:00\" \/>\n<meta property=\"og:image\" content=\"https:\/\/metazoa.nl\/wp-content\/uploads\/2025\/10\/unnamed-1.jpg\" \/>\n\t<meta property=\"og:image:width\" content=\"1280\" \/>\n\t<meta property=\"og:image:height\" content=\"809\" \/>\n\t<meta property=\"og:image:type\" content=\"image\/jpeg\" \/>\n<meta name=\"twitter:card\" content=\"summary_large_image\" \/>\n<meta name=\"twitter:label1\" content=\"Dur\u00e9e de lecture estim\u00e9e\" \/>\n\t<meta name=\"twitter:data1\" content=\"2 minutes\" \/>\n<script type=\"application\/ld+json\" class=\"yoast-schema-graph\">{\"@context\":\"https:\\\/\\\/schema.org\",\"@graph\":[{\"@type\":\"WebPage\",\"@id\":\"https:\\\/\\\/metazoa.nl\\\/fr\\\/avant-et-apres\\\/\",\"url\":\"https:\\\/\\\/metazoa.nl\\\/fr\\\/avant-et-apres\\\/\",\"name\":\"Avant et apr\u00e8s - Metazoa\",\"isPartOf\":{\"@id\":\"https:\\\/\\\/metazoa.nl\\\/fr\\\/#website\"},\"primaryImageOfPage\":{\"@id\":\"https:\\\/\\\/metazoa.nl\\\/fr\\\/avant-et-apres\\\/#primaryimage\"},\"image\":{\"@id\":\"https:\\\/\\\/metazoa.nl\\\/fr\\\/avant-et-apres\\\/#primaryimage\"},\"thumbnailUrl\":\"https:\\\/\\\/metazoa.nl\\\/wp-content\\\/uploads\\\/2025\\\/10\\\/unnamed-1.jpg\",\"datePublished\":\"2025-10-27T21:18:49+00:00\",\"dateModified\":\"2025-11-25T19:09:41+00:00\",\"description\":\"Onze producten vullen aan wat paarden nodig hebben naast onbeperkt ruwvoer en dragen bij aan hun welzijn en vitaliteit.\",\"breadcrumb\":{\"@id\":\"https:\\\/\\\/metazoa.nl\\\/fr\\\/avant-et-apres\\\/#breadcrumb\"},\"inLanguage\":\"fr-FR\",\"potentialAction\":[{\"@type\":\"ReadAction\",\"target\":[\"https:\\\/\\\/metazoa.nl\\\/fr\\\/avant-et-apres\\\/\"]}]},{\"@type\":\"ImageObject\",\"inLanguage\":\"fr-FR\",\"@id\":\"https:\\\/\\\/metazoa.nl\\\/fr\\\/avant-et-apres\\\/#primaryimage\",\"url\":\"https:\\\/\\\/metazoa.nl\\\/wp-content\\\/uploads\\\/2025\\\/10\\\/unnamed-1.jpg\",\"contentUrl\":\"https:\\\/\\\/metazoa.nl\\\/wp-content\\\/uploads\\\/2025\\\/10\\\/unnamed-1.jpg\",\"width\":1280,\"height\":809},{\"@type\":\"BreadcrumbList\",\"@id\":\"https:\\\/\\\/metazoa.nl\\\/fr\\\/avant-et-apres\\\/#breadcrumb\",\"itemListElement\":[{\"@type\":\"ListItem\",\"position\":1,\"name\":\"Home\",\"item\":\"https:\\\/\\\/metazoa.nl\\\/fr\\\/\"},{\"@type\":\"ListItem\",\"position\":2,\"name\":\"Avant et apr\u00e8s\"}]},{\"@type\":\"WebSite\",\"@id\":\"https:\\\/\\\/metazoa.nl\\\/fr\\\/#website\",\"url\":\"https:\\\/\\\/metazoa.nl\\\/fr\\\/\",\"name\":\"Metazoa\",\"description\":\"Voor een gezond en stralend paard\",\"publisher\":{\"@id\":\"https:\\\/\\\/metazoa.nl\\\/fr\\\/#organization\"},\"potentialAction\":[{\"@type\":\"SearchAction\",\"target\":{\"@type\":\"EntryPoint\",\"urlTemplate\":\"https:\\\/\\\/metazoa.nl\\\/fr\\\/?s={search_term_string}\"},\"query-input\":{\"@type\":\"PropertyValueSpecification\",\"valueRequired\":true,\"valueName\":\"search_term_string\"}}],\"inLanguage\":\"fr-FR\"},{\"@type\":\"Organization\",\"@id\":\"https:\\\/\\\/metazoa.nl\\\/fr\\\/#organization\",\"name\":\"Metazoa\",\"url\":\"https:\\\/\\\/metazoa.nl\\\/fr\\\/\",\"logo\":{\"@type\":\"ImageObject\",\"inLanguage\":\"fr-FR\",\"@id\":\"https:\\\/\\\/metazoa.nl\\\/fr\\\/#\\\/schema\\\/logo\\\/image\\\/\",\"url\":\"https:\\\/\\\/metazoa.nl\\\/wp-content\\\/uploads\\\/2021\\\/11\\\/bosh-and-bordon-logo.svg\",\"contentUrl\":\"https:\\\/\\\/metazoa.nl\\\/wp-content\\\/uploads\\\/2021\\\/11\\\/bosh-and-bordon-logo.svg\",\"caption\":\"Metazoa\"},\"image\":{\"@id\":\"https:\\\/\\\/metazoa.nl\\\/fr\\\/#\\\/schema\\\/logo\\\/image\\\/\"}}]}<\/script>\n<!-- \/ Yoast SEO plugin. -->","yoast_head_json":{"title":"Avant et apr\u00e8s - Metazoa","description":"Onze producten vullen aan wat paarden nodig hebben naast onbeperkt ruwvoer en dragen bij aan hun welzijn en vitaliteit.","robots":{"index":"index","follow":"follow","max-snippet":"max-snippet:-1","max-image-preview":"max-image-preview:large","max-video-preview":"max-video-preview:-1"},"canonical":"https:\/\/metazoa.nl\/fr\/avant-et-apres\/","og_locale":"fr_FR","og_type":"article","og_title":"Avant et apr\u00e8s - Metazoa","og_description":"Onze producten vullen aan wat paarden nodig hebben naast onbeperkt ruwvoer en dragen bij aan hun welzijn en vitaliteit.","og_url":"https:\/\/metazoa.nl\/fr\/avant-et-apres\/","og_site_name":"Metazoa","article_modified_time":"2025-11-25T19:09:41+00:00","og_image":[{"width":1280,"height":809,"url":"https:\/\/metazoa.nl\/wp-content\/uploads\/2025\/10\/unnamed-1.jpg","type":"image\/jpeg"}],"twitter_card":"summary_large_image","twitter_misc":{"Dur\u00e9e de lecture estim\u00e9e":"2 minutes"},"schema":{"@context":"https:\/\/schema.org","@graph":[{"@type":"WebPage","@id":"https:\/\/metazoa.nl\/fr\/avant-et-apres\/","url":"https:\/\/metazoa.nl\/fr\/avant-et-apres\/","name":"Avant et apr\u00e8s - Metazoa","isPartOf":{"@id":"https:\/\/metazoa.nl\/fr\/#website"},"primaryImageOfPage":{"@id":"https:\/\/metazoa.nl\/fr\/avant-et-apres\/#primaryimage"},"image":{"@id":"https:\/\/metazoa.nl\/fr\/avant-et-apres\/#primaryimage"},"thumbnailUrl":"https:\/\/metazoa.nl\/wp-content\/uploads\/2025\/10\/unnamed-1.jpg","datePublished":"2025-10-27T21:18:49+00:00","dateModified":"2025-11-25T19:09:41+00:00","description":"Onze producten vullen aan wat paarden nodig hebben naast onbeperkt ruwvoer en dragen bij aan hun welzijn en vitaliteit.","breadcrumb":{"@id":"https:\/\/metazoa.nl\/fr\/avant-et-apres\/#breadcrumb"},"inLanguage":"fr-FR","potentialAction":[{"@type":"ReadAction","target":["https:\/\/metazoa.nl\/fr\/avant-et-apres\/"]}]},{"@type":"ImageObject","inLanguage":"fr-FR","@id":"https:\/\/metazoa.nl\/fr\/avant-et-apres\/#primaryimage","url":"https:\/\/metazoa.nl\/wp-content\/uploads\/2025\/10\/unnamed-1.jpg","contentUrl":"https:\/\/metazoa.nl\/wp-content\/uploads\/2025\/10\/unnamed-1.jpg","width":1280,"height":809},{"@type":"BreadcrumbList","@id":"https:\/\/metazoa.nl\/fr\/avant-et-apres\/#breadcrumb","itemListElement":[{"@type":"ListItem","position":1,"name":"Home","item":"https:\/\/metazoa.nl\/fr\/"},{"@type":"ListItem","position":2,"name":"Avant et apr\u00e8s"}]},{"@type":"WebSite","@id":"https:\/\/metazoa.nl\/fr\/#website","url":"https:\/\/metazoa.nl\/fr\/","name":"Metazoa","description":"Voor een gezond en stralend paard","publisher":{"@id":"https:\/\/metazoa.nl\/fr\/#organization"},"potentialAction":[{"@type":"SearchAction","target":{"@type":"EntryPoint","urlTemplate":"https:\/\/metazoa.nl\/fr\/?s={search_term_string}"},"query-input":{"@type":"PropertyValueSpecification","valueRequired":true,"valueName":"search_term_string"}}],"inLanguage":"fr-FR"},{"@type":"Organization","@id":"https:\/\/metazoa.nl\/fr\/#organization","name":"Metazoa","url":"https:\/\/metazoa.nl\/fr\/","logo":{"@type":"ImageObject","inLanguage":"fr-FR","@id":"https:\/\/metazoa.nl\/fr\/#\/schema\/logo\/image\/","url":"https:\/\/metazoa.nl\/wp-content\/uploads\/2021\/11\/bosh-and-bordon-logo.svg","contentUrl":"https:\/\/metazoa.nl\/wp-content\/uploads\/2021\/11\/bosh-and-bordon-logo.svg","caption":"Metazoa"},"image":{"@id":"https:\/\/metazoa.nl\/fr\/#\/schema\/logo\/image\/"}}]}},"rttpg_featured_image_url":{"full":["https:\/\/metazoa.nl\/wp-content\/uploads\/2025\/10\/unnamed-1.jpg",1280,809,false],"landscape":["https:\/\/metazoa.nl\/wp-content\/uploads\/2025\/10\/unnamed-1.jpg",1280,809,false],"portraits":["https:\/\/metazoa.nl\/wp-content\/uploads\/2025\/10\/unnamed-1.jpg",1280,809,false],"thumbnail":["https:\/\/metazoa.nl\/wp-content\/uploads\/2025\/10\/unnamed-1.jpg",128,81,false],"medium":["https:\/\/metazoa.nl\/wp-content\/uploads\/2025\/10\/unnamed-1.jpg",1280,809,false],"large":["https:\/\/metazoa.nl\/wp-content\/uploads\/2025\/10\/unnamed-1.jpg",1280,809,false],"1536x1536":["https:\/\/metazoa.nl\/wp-content\/uploads\/2025\/10\/unnamed-1.jpg",1280,809,false],"2048x2048":["https:\/\/metazoa.nl\/wp-content\/uploads\/2025\/10\/unnamed-1.jpg",1280,809,false],"neve-blog":["https:\/\/metazoa.nl\/wp-content\/uploads\/2025\/10\/unnamed-1-930x620.jpg",930,620,true],"rt_custom":["https:\/\/metazoa.nl\/wp-content\/uploads\/2025\/10\/unnamed-1.jpg",1280,809,false]},"rttpg_author":{"display_name":"Plumbus","author_link":"https:\/\/metazoa.nl\/fr\/author\/plumbus\/"},"rttpg_comment":0,"rttpg_category":" <a href=\"https:\/\/metazoa.nl\/fr\/?taxonomy=translation_priority&#038;term=facultatif\" rel=\"tag\">Facultatif<\/a>","rttpg_excerpt":"[vc_row el_class=&#8221;global headersection headerimage&#8221; css=&#8221;.vc_custom_1761600035591{background-image: url(https:\/\/metazoa.nl\/wp-content\/uploads\/2025\/10\/unnamed-1.jpg?id=4192) !important;background-position: center !important;background-repeat: no-repeat !important;background-size: cover !important;}&#8221;][vc_column el_class=&#8221;outer-col-1&#8243;][vc_empty_space height=&#8221;280px&#8221; el_class=&#8221;deskonly&#8221;][vc_row_inner el_class=&#8221;row-0 home&#8221;][vc_column_inner width=&#8221;1\/12&#8243;][\/vc_column_inner][vc_column_inner el_class=&#8221;centered&#8221; width=&#8221;10\/12&#8243;][vc_empty_space height=&#8221;50px&#8221;][vc_column_text css=&#8221;&#8221;] AVANT &amp; APR\u00c8S :LA PUISSANCE D\u2019UNE ALIMENTATION NATURELLE [\/vc_column_text][vc_empty_space height=&#8221;50px&#8221;][vc_btn title=&#8221;FAITES LE TESTE NUTRITIONNEL&#8221; css=&#8221;&#8221; link=&#8221;url:https%3A%2F%2Fmetazoa.scoreapp.com%2F|title:Contact|target:_blank&#8221; el_class=&#8221;buttonheader&#8221;][\/vc_column_inner][vc_column_inner width=&#8221;1\/12&#8243;][\/vc_column_inner][\/vc_row_inner][vc_empty_space height=&#8221;84px&#8221;][\/vc_column][\/vc_row][vc_row el_class=&#8221;global voeden&#8221; css=&#8221;.vc_custom_1761517381829{background-color: #FFFFFF !important;background-position: center !important;background-repeat: no-repeat !important;background-size: cover !important;}&#8221;][vc_column el_class=&#8221;outer-col-1&#8243;][vc_empty_space height=&#8221;40px&#8221;][vc_empty_space&hellip;&nbsp;Read\u2026","_links":{"self":[{"href":"https:\/\/metazoa.nl\/fr\/wp-json\/wp\/v2\/pages\/4184","targetHints":{"allow":["GET"]}}],"collection":[{"href":"https:\/\/metazoa.nl\/fr\/wp-json\/wp\/v2\/pages"}],"about":[{"href":"https:\/\/metazoa.nl\/fr\/wp-json\/wp\/v2\/types\/page"}],"author":[{"embeddable":true,"href":"https:\/\/metazoa.nl\/fr\/wp-json\/wp\/v2\/users\/1"}],"replies":[{"embeddable":true,"href":"https:\/\/metazoa.nl\/fr\/wp-json\/wp\/v2\/comments?post=4184"}],"version-history":[{"count":9,"href":"https:\/\/metazoa.nl\/fr\/wp-json\/wp\/v2\/pages\/4184\/revisions"}],"predecessor-version":[{"id":4326,"href":"https:\/\/metazoa.nl\/fr\/wp-json\/wp\/v2\/pages\/4184\/revisions\/4326"}],"wp:featuredmedia":[{"embeddable":true,"href":"https:\/\/metazoa.nl\/fr\/wp-json\/wp\/v2\/media\/4194"}],"wp:attachment":[{"href":"https:\/\/metazoa.nl\/fr\/wp-json\/wp\/v2\/media?parent=4184"}],"curies":[{"name":"wp","href":"https:\/\/api.w.org\/{rel}","templated":true}]}}